{"id":200,"date":"2018-01-23T10:25:00","date_gmt":"2018-01-23T09:25:00","guid":{"rendered":"http:\/\/flexicream.be\/flexicream\/"},"modified":"2022-10-04T10:54:26","modified_gmt":"2022-10-04T08:54:26","slug":"flexicream","status":"publish","type":"page","link":"https:\/\/flexicream.be\/nl\/flexicream\/","title":{"rendered":"Flexicream\u00ae"},"content":{"rendered":"[vc_row][vc_column width=&#8221;1\/2&#8243;][vc_column_text css=&#8221;.vc_custom_1664873584481{margin-bottom: 0px !important;}&#8221;]<em><img decoding=\"async\" class=\"alignnone wp-image-691 size-full\" src=\"http:\/\/flexicream.be\/wp-content\/uploads\/2022\/10\/flexicream-logo-pictos.png\" alt=\"\" width=\"515\" height=\"70\" srcset=\"https:\/\/flexicream.be\/wp-content\/uploads\/2022\/10\/flexicream-logo-pictos.png 515w, https:\/\/flexicream.be\/wp-content\/uploads\/2022\/10\/flexicream-logo-pictos-300x41.png 300w\" sizes=\"(max-width: 515px) 100vw, 515px\" \/><\/em><\/p>\n<p>&nbsp;<\/p>\n<p>Sportief of niet, jong of niet, we hebben allemaal ooit eens spierpijn gehad.<\/p>\n<p>Of het nu pijn, krampen, contracties of stijfheid is, denk aan <strong><span style=\"color: #e4032e;\">Flexi<\/span><span style=\"color: #004077;\">cream<\/span><\/strong><span style=\"color: #004077;\">\u00ae<\/span>.[\/vc_column_text][vc_separator][vc_column_text css=&#8221;.vc_custom_1638270174189{margin-bottom: 0px !important;}&#8221;]\n<h4><span style=\"color: #e4032e;\">Het voordeel ? <\/span><\/h4>\n<ul>\n<li>Een snelle en gerichte werking.<\/li>\n<li>Het verzacht snel de pijn en zonder de spijsverteringsstoornissen die bepaalde orale pijnstillers kunnen veroorzaken.<\/li>\n<li><strong><span style=\"color: #e4032e;\">Flexi<\/span><span style=\"color: #004077;\">cream\u00ae<\/span><\/strong> is aangeraden om de spieren en pezen die gewrichtsstijfheid veroorzaken, te ontspannen.<\/li>\n<li><strong><span style=\"color: #e4032e;\">Flexi<\/span><span style=\"color: #004077;\">cream\u00ae<\/span><\/strong> is niet fotosensibiliserend en kan daarom op elk moment van de dag en het hele jaar door worden gebruikt !<\/li>\n<li>Verwarmend effect: *Afhankelijk van het toepassingsgebied, de duur van de massage en de gebruikte hoeveelheid product, kan het gevoel van warmte vari\u00ebren.<\/li>\n<li>Geurloos \u25aa Kleeft niet \u25aa Droogt de huid niet uit<\/li>\n<\/ul>\n[\/vc_column_text][mk_custom_box corner_radius=&#8221;12&#8243; padding_vertical=&#8221;12&#8243; padding_horizental=&#8221;24&#8243; margin_bottom=&#8221;6&#8243; min_height=&#8221;0&#8243; background_style=&#8221;gradient_color&#8221; bg_grandient_color_from=&#8221;rgba(0,0,0,0.1)&#8221; bg_grandient_color_to=&#8221;rgba(0,0,0,0.2)&#8221; bg_gradient_color_angle=&#8221;diagonal_left_top&#8221; background_hov_color_style=&#8221;gradient_color&#8221;][vc_column_text css=&#8221;.vc_custom_1517413377090{margin-bottom: 0px !important;}&#8221;]<strong>Wist u dat ?<\/strong> \u00a0<strong><span style=\"color: #e4032e;\">Flexi<\/span><span style=\"color: #004077;\">cream\u00ae<\/span><\/strong> wordt ook aanbevolen v\u00f3\u00f3r en na het sporten om de spieropwarming en -herstel te optimaliseren.[\/vc_column_text][\/mk_custom_box][\/vc_column][vc_column width=&#8221;1\/2&#8243;][vc_single_image image=&#8221;632&#8243; img_size=&#8221;full&#8221;][mk_custom_box corner_radius=&#8221;12&#8243; padding_vertical=&#8221;12&#8243; padding_horizental=&#8221;24&#8243; margin_bottom=&#8221;6&#8243; min_height=&#8221;0&#8243; bg_color=&#8221;rgba(0,0,0,0.05)&#8221; background_hov_color_style=&#8221;image&#8221; border_color_style=&#8221;single_color&#8221; border_color=&#8221;#e4032e&#8221; border_style=&#8221;dotted&#8221; border_width=&#8221;2&#8243;][vc_column_text css=&#8221;.vc_custom_1585747476380{margin-bottom: 0px !important;}&#8221;]\n<h3><span style=\"color: #e4032e;\">Hoe Flexi<span style=\"color: #004077;\">cream\u00ae<\/span> gebruiken?<\/span><\/h3>\n<p><strong>Volwassenen en kinderen vanaf 6 jaar :<\/strong><\/p>\n<p>Masseer <strong>2 tot 3 keer per dag<\/strong> een dunne laag <strong><span style=\"color: #e4032e;\">Flexi<\/span><span style=\"color: #004077;\">cream\u00ae<\/span><\/strong> op het betreffende lichaamsdeel tot de zalf volledig geabsorbeerd is.<br \/>\nHanden wassen na gebruik.[\/vc_column_text][\/mk_custom_box][\/vc_column][\/vc_row][vc_row][vc_column][vc_separator][vc_column_text css=&#8221;.vc_custom_1613116468220{margin-bottom: 0px !important;}&#8221;]\n<h3 style=\"text-align: center;\"><span style=\"color: #e4032e;\">Wanneer Flexi<span style=\"color: #004077;\">cream\u00ae<\/span> gebruiken?<\/span><\/h3>\n<p style=\"text-align: center;\">Een massage met <span style=\"color: #e4032e;\"><strong>Flexi<span style=\"color: #004077;\">cream\u00ae<\/span><\/strong><\/span> is ideaal in geval van :<\/p>\n[\/vc_column_text][\/vc_column][\/vc_row][vc_row][vc_column width=&#8221;1\/3&#8243;][mk_moving_image src=&#8221;http:\/\/flexicream.be\/wp-content\/uploads\/2018\/01\/flexicream_flexi-blessures-sportives.png&#8221; axis=&#8221;tossing&#8221; align=&#8221;center&#8221;][vc_column_text css=&#8221;.vc_custom_1517413287275{margin-bottom: 0px !important;}&#8221;]\n<p style=\"text-align: center;\">Sportblessures<\/p>\n[\/vc_column_text][\/vc_column][vc_column width=&#8221;1\/3&#8243;][mk_moving_image src=&#8221;http:\/\/flexicream.be\/wp-content\/uploads\/2018\/01\/flexicream_flexi-acide-lactique.png&#8221; axis=&#8221;pulse&#8221; align=&#8221;center&#8221;][vc_column_text css=&#8221;.vc_custom_1585748182928{margin-bottom: 0px !important;}&#8221;]\n<div style=\"text-align: center;\">Spieropwarming\u00a0en -herstel (sportactiviteit)<\/div>\n[\/vc_column_text][\/vc_column][vc_column width=&#8221;1\/3&#8243;][mk_moving_image src=&#8221;http:\/\/flexicream.be\/wp-content\/uploads\/2018\/01\/flexicream_flexi-tension-musculaire.png&#8221; axis=&#8221;tossing&#8221; align=&#8221;center&#8221;][vc_column_text css=&#8221;.vc_custom_1517413310484{margin-bottom: 0px !important;}&#8221;]\n<p style=\"text-align: center;\">Spierspanning<\/p>\n[\/vc_column_text][\/vc_column][\/vc_row][vc_row][vc_column width=&#8221;1\/3&#8243;][mk_moving_image src=&#8221;http:\/\/flexicream.be\/wp-content\/uploads\/2018\/01\/flexicream_flexi-contractures.png&#8221; axis=&#8221;pulse&#8221; align=&#8221;center&#8221;][vc_column_text css=&#8221;.vc_custom_1517413319717{margin-bottom: 0px !important;}&#8221;]\n<p style=\"text-align: center;\">Letsels en spiercontracties<\/p>\n[\/vc_column_text][\/vc_column][vc_column width=&#8221;1\/3&#8243;][mk_moving_image src=&#8221;http:\/\/flexicream.be\/wp-content\/uploads\/2018\/01\/flexicream_flexi-contractions-involontaires.png&#8221; axis=&#8221;pulse&#8221; align=&#8221;center&#8221;][vc_column_text css=&#8221;.vc_custom_1517413335151{margin-bottom: 0px !important;}&#8221;]\n<p style=\"text-align: center;\">Onvrijwillige, aanhoudende en pijnlijke spiercontracties<\/p>\n[\/vc_column_text][\/vc_column][vc_column width=&#8221;1\/3&#8243;][mk_moving_image src=&#8221;http:\/\/flexicream.be\/wp-content\/uploads\/2018\/01\/flexicream_flexi-cou-epaule.png&#8221; axis=&#8221;tossing&#8221; align=&#8221;center&#8221;][vc_column_text css=&#8221;.vc_custom_1517413343473{margin-bottom: 0px !important;}&#8221;]\n<p style=\"text-align: center;\">Spierpijn en spanning in nek en schouders<\/p>\n[\/vc_column_text][\/vc_column][\/vc_row][vc_row][vc_column][vc_separator][vc_column_text css=&#8221;.vc_custom_1638270214996{margin-bottom: 0px !important;}&#8221;]\n<h3 style=\"text-align: center;\"><span style=\"color: #e4032e;\">Flexi<span style=\"color: #004077;\">cream\u00ae<\/span>, EEN GEURLOZE <strong><span style=\"color: #e4032e;\">PIJNSTILLENDE CR\u00c8ME<\/span><\/strong> DIE NIET KLEEFT EN DIE DE HUID NIET UITDROOGT OM <strong><span style=\"color: #e4032e;\">SPIERPIJN<\/span><\/strong> TE VERLICHTEN..<br \/>\n<\/span><\/h3>\n[\/vc_column_text][vc_separator][\/vc_column][\/vc_row][vc_row][vc_column width=&#8221;1\/2&#8243;][mk_image src=&#8221;http:\/\/flexicream.be\/wp-content\/uploads\/2018\/01\/flexicream_flexi-eau-hyperthermale.png&#8221; image_size=&#8221;full&#8221; align=&#8221;center&#8221;][vc_column_text css=&#8221;.vc_custom_1664873630511{margin-bottom: 0px !important;}&#8221;]\n<h4 style=\"text-align: center;\">Hyperthermaal natrium-, bromide- en jodiumhoudend water<\/h4>\n<p style=\"text-align: center;\">Het natuurlijk hyperthermaal water dat gebruikt wordt om Flexicream te maken, wordt gewonnen uit \u00e9\u00e9n van de diepste geothermische putten van het Euganeo-bekken (Itali\u00eb).<\/p>\n<p style=\"text-align: center;\">Bekend om zijn eigenschappen ten gunste van de fysiologische processen van het kraakbeenherstel, helpt de reeks oligo-elementen in dit water de algemene mechanische werking van het product te ondersteunen.<\/p>\n[\/vc_column_text][\/vc_column][vc_column width=&#8221;1\/2&#8243;][mk_image src=&#8221;http:\/\/flexicream.be\/wp-content\/uploads\/2018\/01\/flexicream_flexi-vanillyl.png&#8221; image_size=&#8221;full&#8221; align=&#8221;center&#8221;][vc_column_text css=&#8221;.vc_custom_1664873639551{margin-bottom: 0px !important;}&#8221;]\n<h4 style=\"text-align: center;\">Vanillyl Butyl Ether<br \/>\n(VBE)<\/h4>\n<p style=\"text-align: center;\">Vanillyl Butyl Ether (VBE) is een functioneel component van Flexicream\u00ae die een verwarmend effect op de huid geeft.<\/p>\n<p style=\"text-align: center;\">Vernieuwend, de VBE is wetenschappelijk erkend voor zijn aanvullende werking bij een spierontspannende en pijnstillende massage op de pijnmodulatie pijnmodulatie. VBE heeft een neutrale geur en een zeer goede huidtolerantie.<\/p>\n[\/vc_column_text][\/vc_column][\/vc_row][vc_row][vc_column][vc_separator][vc_row_inner][vc_column_inner][vc_column_text css=&#8221;.vc_custom_1519129018092{margin-bottom: 0px !important;}&#8221;]\n<p style=\"text-align: center;\"><span style=\"color: #009640;\"><strong><img decoding=\"async\" class=\"aligncenter size-full wp-image-175\" src=\"http:\/\/flexicream.be\/wp-content\/uploads\/2018\/01\/flexicream_croix-pharmacie-icone.png\" alt=\"\" width=\"100\" height=\"100\" \/><\/strong><\/span><\/p>\n<p style=\"text-align: center;\"><span style=\"color: #009640;\"><strong><span style=\"color: #e4032e;\">Flexi<\/span><span style=\"color: #004077;\">cream\u00ae<\/span> <span style=\"color: #009640;\">is beschikbaar in de apotheek.<\/span><\/strong><\/span><\/p>\n<p style=\"text-align: center;\"><span style=\"color: #009640;\"><span style=\"color: #e4032e;\">Flexi<\/span><span style=\"color: #004077;\">cream\u00ae<\/span> is een medisch hulpmiddel. <\/span><\/p>\n[\/vc_column_text][\/vc_column_inner][\/vc_row_inner][\/vc_column][\/vc_row][vc_row][vc_column][vc_column_text css=&#8221;.vc_custom_1664873596512{margin-bottom: 0px !important;}&#8221;]\n<p style=\"text-align: center;\"><em>*Op advies van een gezondheidsdeskundige.<\/em><\/p>\n[\/vc_column_text][\/vc_column][\/vc_row]\n","protected":false},"excerpt":{"rendered":"<p>[vc_row][vc_column width=&#8221;1\/2&#8243;][vc_column_text css=&#8221;.vc_custom_1664873584481{margin-bottom: 0px !important;}&#8221;] &nbsp; Sportief of niet, jong of niet, we hebben allemaal ooit eens spierpijn gehad. Of het nu pijn, krampen, contracties of stijfheid is, denk aan Flexicream\u00ae.[\/vc_column_text][vc_separator][vc_column_text css=&#8221;.vc_custom_1638270174189{margin-bottom: 0px !important;}&#8221;] Het voordeel ? Een snelle en gerichte werking. Het verzacht snel de pijn en zonder de spijsverteringsstoornissen die bepaalde orale pijnstillers kunnen veroorzaken. Flexicream\u00ae is aangeraden om de spieren en pezen die gewrichtsstijfheid veroorzaken, te ontspannen. Flexicream\u00ae is niet fotosensibiliserend en kan daarom op elk moment van de dag en het hele jaar door worden gebruikt ! Verwarmend effect: *Afhankelijk van het toepassingsgebied, de duur van de massage en de gebruikte hoeveelheid product, kan het gevoel van warmte vari\u00ebren. Geurloos \u25aa Kleeft niet \u25aa Droogt de huid niet uit [\/vc_column_text][mk_custom_box corner_radius=&#8221;12&#8243; padding_vertical=&#8221;12&#8243; padding_horizental=&#8221;24&#8243; margin_bottom=&#8221;6&#8243; min_height=&#8221;0&#8243; background_style=&#8221;gradient_color&#8221; bg_grandient_color_from=&#8221;rgba(0,0,0,0.1)&#8221; bg_grandient_color_to=&#8221;rgba(0,0,0,0.2)&#8221; bg_gradient_color_angle=&#8221;diagonal_left_top&#8221; background_hov_color_style=&#8221;gradient_color&#8221;][vc_column_text css=&#8221;.vc_custom_1517413377090{margin-bottom: 0px !important;}&#8221;]Wist u dat ? \u00a0Flexicream\u00ae wordt ook aanbevolen v\u00f3\u00f3r en na het sporten om de spieropwarming en -herstel te optimaliseren.[\/vc_column_text][\/mk_custom_box][\/vc_column][vc_column width=&#8221;1\/2&#8243;][vc_single_image image=&#8221;632&#8243; img_size=&#8221;full&#8221;][mk_custom_box corner_radius=&#8221;12&#8243; padding_vertical=&#8221;12&#8243; padding_horizental=&#8221;24&#8243; margin_bottom=&#8221;6&#8243; min_height=&#8221;0&#8243; bg_color=&#8221;rgba(0,0,0,0.05)&#8221; background_hov_color_style=&#8221;image&#8221; border_color_style=&#8221;single_color&#8221; border_color=&#8221;#e4032e&#8221; border_style=&#8221;dotted&#8221; border_width=&#8221;2&#8243;][vc_column_text css=&#8221;.vc_custom_1585747476380{margin-bottom: 0px !important;}&#8221;] Hoe Flexicream\u00ae gebruiken? Volwassenen en kinderen vanaf 6 jaar : Masseer 2 tot 3 keer per dag een dunne laag Flexicream\u00ae op het betreffende lichaamsdeel tot de zalf volledig geabsorbeerd is. Handen wassen na gebruik.[\/vc_column_text][\/mk_custom_box][\/vc_column][\/vc_row][vc_row][vc_column][vc_separator][vc_column_text css=&#8221;.vc_custom_1613116468220{margin-bottom: 0px !important;}&#8221;] Wanneer Flexicream\u00ae gebruiken? Een massage met Flexicream\u00ae is ideaal in geval van : [\/vc_column_text][\/vc_column][\/vc_row][vc_row][vc_column width=&#8221;1\/3&#8243;][mk_moving_image src=&#8221;http:\/\/flexicream.be\/wp-content\/uploads\/2018\/01\/flexicream_flexi-blessures-sportives.png&#8221; axis=&#8221;tossing&#8221; align=&#8221;center&#8221;][vc_column_text css=&#8221;.vc_custom_1517413287275{margin-bottom: 0px !important;}&#8221;] Sportblessures [\/vc_column_text][\/vc_column][vc_column width=&#8221;1\/3&#8243;][mk_moving_image src=&#8221;http:\/\/flexicream.be\/wp-content\/uploads\/2018\/01\/flexicream_flexi-acide-lactique.png&#8221; axis=&#8221;pulse&#8221; align=&#8221;center&#8221;][vc_column_text css=&#8221;.vc_custom_1585748182928{margin-bottom: 0px !important;}&#8221;] Spieropwarming\u00a0en -herstel (sportactiviteit) [\/vc_column_text][\/vc_column][vc_column width=&#8221;1\/3&#8243;][mk_moving_image src=&#8221;http:\/\/flexicream.be\/wp-content\/uploads\/2018\/01\/flexicream_flexi-tension-musculaire.png&#8221; axis=&#8221;tossing&#8221; align=&#8221;center&#8221;][vc_column_text css=&#8221;.vc_custom_1517413310484{margin-bottom: 0px !important;}&#8221;] Spierspanning [\/vc_column_text][\/vc_column][\/vc_row][vc_row][vc_column width=&#8221;1\/3&#8243;][mk_moving_image src=&#8221;http:\/\/flexicream.be\/wp-content\/uploads\/2018\/01\/flexicream_flexi-contractures.png&#8221; axis=&#8221;pulse&#8221; align=&#8221;center&#8221;][vc_column_text css=&#8221;.vc_custom_1517413319717{margin-bottom: 0px !important;}&#8221;] Letsels en spiercontracties [\/vc_column_text][\/vc_column][vc_column width=&#8221;1\/3&#8243;][mk_moving_image src=&#8221;http:\/\/flexicream.be\/wp-content\/uploads\/2018\/01\/flexicream_flexi-contractions-involontaires.png&#8221; axis=&#8221;pulse&#8221; align=&#8221;center&#8221;][vc_column_text css=&#8221;.vc_custom_1517413335151{margin-bottom: 0px !important;}&#8221;] Onvrijwillige, aanhoudende en pijnlijke spiercontracties [\/vc_column_text][\/vc_column][vc_column width=&#8221;1\/3&#8243;][mk_moving_image src=&#8221;http:\/\/flexicream.be\/wp-content\/uploads\/2018\/01\/flexicream_flexi-cou-epaule.png&#8221; axis=&#8221;tossing&#8221; align=&#8221;center&#8221;][vc_column_text css=&#8221;.vc_custom_1517413343473{margin-bottom: 0px !important;}&#8221;] Spierpijn en spanning in nek en schouders [\/vc_column_text][\/vc_column][\/vc_row][vc_row][vc_column][vc_separator][vc_column_text css=&#8221;.vc_custom_1638270214996{margin-bottom: 0px !important;}&#8221;] Flexicream\u00ae, EEN GEURLOZE PIJNSTILLENDE CR\u00c8ME DIE NIET KLEEFT EN DIE DE HUID NIET UITDROOGT OM SPIERPIJN TE VERLICHTEN.. [\/vc_column_text][vc_separator][\/vc_column][\/vc_row][vc_row][vc_column width=&#8221;1\/2&#8243;][mk_image src=&#8221;http:\/\/flexicream.be\/wp-content\/uploads\/2018\/01\/flexicream_flexi-eau-hyperthermale.png&#8221; image_size=&#8221;full&#8221; align=&#8221;center&#8221;][vc_column_text css=&#8221;.vc_custom_1664873630511{margin-bottom: 0px !important;}&#8221;] Hyperthermaal natrium-, bromide- en jodiumhoudend water Het natuurlijk hyperthermaal water dat gebruikt wordt om Flexicream te maken, wordt gewonnen uit \u00e9\u00e9n van de diepste geothermische putten van het Euganeo-bekken (Itali\u00eb). Bekend om zijn eigenschappen ten gunste van de fysiologische processen van het kraakbeenherstel, helpt de reeks oligo-elementen in dit water de algemene mechanische werking van het product te ondersteunen. [\/vc_column_text][\/vc_column][vc_column width=&#8221;1\/2&#8243;][mk_image src=&#8221;http:\/\/flexicream.be\/wp-content\/uploads\/2018\/01\/flexicream_flexi-vanillyl.png&#8221; image_size=&#8221;full&#8221; align=&#8221;center&#8221;][vc_column_text css=&#8221;.vc_custom_1664873639551{margin-bottom: 0px !important;}&#8221;] Vanillyl Butyl Ether (VBE) Vanillyl Butyl Ether (VBE) is een functioneel component van Flexicream\u00ae die een verwarmend effect op de huid geeft. Vernieuwend, de VBE is wetenschappelijk erkend voor zijn aanvullende werking bij een spierontspannende en pijnstillende massage op de pijnmodulatie pijnmodulatie. VBE heeft een neutrale geur en een zeer goede huidtolerantie. [\/vc_column_text][\/vc_column][\/vc_row][vc_row][vc_column][vc_separator][vc_row_inner][vc_column_inner][vc_column_text css=&#8221;.vc_custom_1519129018092{margin-bottom: 0px !important;}&#8221;] Flexicream\u00ae is beschikbaar in de apotheek. Flexicream\u00ae is een medisch hulpmiddel. [\/vc_column_text][\/vc_column_inner][\/vc_row_inner][\/vc_column][\/vc_row][vc_row][vc_column][vc_column_text css=&#8221;.vc_custom_1664873596512{margin-bottom: 0px !important;}&#8221;] *Op advies van een gezondheidsdeskundige. [\/vc_column_text][\/vc_column][\/vc_row]<\/p>\n","protected":false},"author":1,"featured_media":0,"parent":0,"menu_order":0,"comment_status":"closed","ping_status":"closed","template":"","meta":{"footnotes":""},"class_list":["post-200","page","type-page","status-publish","hentry"],"aioseo_notices":[],"_links":{"self":[{"href":"https:\/\/flexicream.be\/nl\/wp-json\/wp\/v2\/pages\/200","targetHints":{"allow":["GET"]}}],"collection":[{"href":"https:\/\/flexicream.be\/nl\/wp-json\/wp\/v2\/pages"}],"about":[{"href":"https:\/\/flexicream.be\/nl\/wp-json\/wp\/v2\/types\/page"}],"author":[{"embeddable":true,"href":"https:\/\/flexicream.be\/nl\/wp-json\/wp\/v2\/users\/1"}],"replies":[{"embeddable":true,"href":"https:\/\/flexicream.be\/nl\/wp-json\/wp\/v2\/comments?post=200"}],"version-history":[{"count":28,"href":"https:\/\/flexicream.be\/nl\/wp-json\/wp\/v2\/pages\/200\/revisions"}],"predecessor-version":[{"id":693,"href":"https:\/\/flexicream.be\/nl\/wp-json\/wp\/v2\/pages\/200\/revisions\/693"}],"wp:attachment":[{"href":"https:\/\/flexicream.be\/nl\/wp-json\/wp\/v2\/media?parent=200"}],"curies":[{"name":"wp","href":"https:\/\/api.w.org\/{rel}","templated":true}]}}