{"id":206,"date":"2018-01-23T10:25:42","date_gmt":"2018-01-23T09:25:42","guid":{"rendered":"http:\/\/flexicream.be\/tilman\/"},"modified":"2019-09-04T15:40:18","modified_gmt":"2019-09-04T13:40:18","slug":"tilman","status":"publish","type":"page","link":"https:\/\/flexicream.be\/nl\/tilman\/","title":{"rendered":"Tilman"},"content":{"rendered":"[vc_section content_placement=&#8221;top&#8221; parallax=&#8221;content-moving&#8221; parallax_image=&#8221;101&#8243;][vc_row][vc_column][vc_empty_space height=&#8221;150px&#8221;][vc_column_text css=&#8221;.vc_custom_1517488494948{margin-bottom: 0px !important;}&#8221;]\n<h1 style=\"text-align: center;\"><span style=\"color: #ffffff;\">Het laboratorium Tilman<\/span><\/h1>\n[\/vc_column_text][vc_empty_space height=&#8221;64px&#8221;][\/vc_column][\/vc_row][vc_row][vc_column width=&#8221;1\/3&#8243;][mk_moving_image src=&#8221;http:\/\/flexicream.be\/wp-content\/uploads\/2018\/01\/antimetil_tilman-logo.png&#8221; axis=&#8221;pulse&#8221; align=&#8221;center&#8221;][vc_empty_space][vc_column_text css=&#8221;.vc_custom_1519129356543{margin-bottom: 0px !important;}&#8221;]\n<h3 style=\"text-align: center;\"><span style=\"color: #ffffff;\">WIE ZIJN WE?<\/span><\/h3>\n<p style=\"text-align: center;\"><span style=\"color: #ffffff;\">Al meer dan 60 jaar werkt het laboratorium Tilman natuurlijke oplossingen uit met een zekere verantwoordelijkheid en met een effici\u00ebnte gezondheidszorg voor iedere dag.<\/span><\/p>\n<p style=\"text-align: center;\"><span style=\"color: #ffffff;\">Gelegen in Baillonville bij Marche-en-Famenne is het laboratorium Tilman ook \u00e9\u00e9n van de modernste en best uitgeruste van Europa.<\/span><\/p>\n[\/vc_column_text][\/vc_column][vc_column width=&#8221;1\/3&#8243;][mk_moving_image src=&#8221;http:\/\/flexicream.be\/wp-content\/uploads\/2018\/01\/antimetil_tilman-eda.png&#8221; axis=&#8221;pulse&#8221; align=&#8221;center&#8221;][vc_empty_space][vc_column_text css=&#8221;.vc_custom_1519129432571{margin-bottom: 0px !important;}&#8221;]\n<h3 style=\"text-align: center;\"><span style=\"color: #ffffff;\">ONDERNEMING VAN HET JAAR 2013<\/span><\/h3>\n<p style=\"text-align: center;\"><span style=\"color: #ffffff;\">Deze prijs bekroont ondernemingen die een groei en schitterende resultaten kunnen voorleggen en die zich onderscheiden in ondernemerschap, strategie, zin voor innovatie, openheid naar de wereld toe en volharding.<\/span><\/p>\n<p style=\"text-align: center;\"><span style=\"color: #ffffff;\"> <em>\u201cHet verschil tussen Tilman en de meeste ondernemingen komt vooral door de betrokkenheid, de verantwoordelijkheid en de onafhankelijkheid van de 125 medewerkers die aan mijn zijde staan. Deze permanente motivatie is gebouwd op een totaal vertrouwen. Het vertrouwen is \u00e9\u00e9n van de sleutelwaarden van ons bedrijf, naast het respect en de sociale verantwoordelijkheid. De cultuur en de ondernemingsgeest die eruit voortvloeien zijn heel sterk. Ze worden waargenomen door onze voorschrijvers, apothekers en artsen en zelfs de pati\u00ebnten via onze producten en de aandacht die we erop richten. Dat is wat van Tilman een buitengewone onderneming maakt.\u201d<\/em><\/span><\/p>\n<p style=\"text-align: center;\"><span style=\"color: #ffffff;\"> Jean-No\u00ebl Tilman, apotheker, afgevaardigd bestuurder<\/span><\/p>\n[\/vc_column_text][\/vc_column][vc_column width=&#8221;1\/3&#8243;][mk_moving_image src=&#8221;http:\/\/flexicream.be\/wp-content\/uploads\/2018\/01\/antimetil_tilman-croix.png&#8221; axis=&#8221;pulse&#8221; align=&#8221;center&#8221;][vc_empty_space][vc_column_text css=&#8221;.vc_custom_1519129453924{margin-bottom: 0px !important;}&#8221;]\n<h3 style=\"text-align: center;\"><span style=\"color: #ffffff;\">WAAR KOPEN?<\/span><\/h3>\n<p style=\"text-align: center;\"><span style=\"color: #ffffff;\">De producten van Tilman <strong><span style=\"color: #ffffff;\">zijn uitsluitend te verkrijgen in de apotheek<\/span><\/strong>, waar gezondheidsspecialisten u raad geven en bijstaan in de keuzes van de producten.<\/span><\/p>\n[\/vc_column_text][vc_empty_space height=&#8221;128px&#8221;][vc_column_text css=&#8221;.vc_custom_1517564174930{margin-bottom: 0px !important;}&#8221;]\n[\/vc_column_text][\/vc_column][\/vc_row][\/vc_section]\n","protected":false},"excerpt":{"rendered":"<p>[vc_section content_placement=&#8221;top&#8221; parallax=&#8221;content-moving&#8221; parallax_image=&#8221;101&#8243;][vc_row][vc_column][vc_empty_space height=&#8221;150px&#8221;][vc_column_text css=&#8221;.vc_custom_1517488494948{margin-bottom: 0px !important;}&#8221;] Het laboratorium Tilman [\/vc_column_text][vc_empty_space height=&#8221;64px&#8221;][\/vc_column][\/vc_row][vc_row][vc_column width=&#8221;1\/3&#8243;][mk_moving_image src=&#8221;http:\/\/flexicream.be\/wp-content\/uploads\/2018\/01\/antimetil_tilman-logo.png&#8221; axis=&#8221;pulse&#8221; align=&#8221;center&#8221;][vc_empty_space][vc_column_text css=&#8221;.vc_custom_1519129356543{margin-bottom: 0px !important;}&#8221;] WIE ZIJN WE? Al meer dan 60 jaar werkt het laboratorium Tilman natuurlijke oplossingen uit met een zekere verantwoordelijkheid en met een effici\u00ebnte gezondheidszorg voor iedere dag. Gelegen in Baillonville bij Marche-en-Famenne is het laboratorium Tilman ook \u00e9\u00e9n van de modernste en best uitgeruste van Europa. [\/vc_column_text][\/vc_column][vc_column width=&#8221;1\/3&#8243;][mk_moving_image src=&#8221;http:\/\/flexicream.be\/wp-content\/uploads\/2018\/01\/antimetil_tilman-eda.png&#8221; axis=&#8221;pulse&#8221; align=&#8221;center&#8221;][vc_empty_space][vc_column_text css=&#8221;.vc_custom_1519129432571{margin-bottom: 0px !important;}&#8221;] ONDERNEMING VAN HET JAAR 2013 Deze prijs bekroont ondernemingen die een groei en schitterende resultaten kunnen voorleggen en die zich onderscheiden in ondernemerschap, strategie, zin voor innovatie, openheid naar de wereld toe en volharding. \u201cHet verschil tussen Tilman en de meeste ondernemingen komt vooral door de betrokkenheid, de verantwoordelijkheid en de onafhankelijkheid van de 125 medewerkers die aan mijn zijde staan. Deze permanente motivatie is gebouwd op een totaal vertrouwen. Het vertrouwen is \u00e9\u00e9n van de sleutelwaarden van ons bedrijf, naast het respect en de sociale verantwoordelijkheid. De cultuur en de ondernemingsgeest die eruit voortvloeien zijn heel sterk. Ze worden waargenomen door onze voorschrijvers, apothekers en artsen en zelfs de pati\u00ebnten via onze producten en de aandacht die we erop richten. Dat is wat van Tilman een buitengewone onderneming maakt.\u201d Jean-No\u00ebl Tilman, apotheker, afgevaardigd bestuurder [\/vc_column_text][\/vc_column][vc_column width=&#8221;1\/3&#8243;][mk_moving_image src=&#8221;http:\/\/flexicream.be\/wp-content\/uploads\/2018\/01\/antimetil_tilman-croix.png&#8221; axis=&#8221;pulse&#8221; align=&#8221;center&#8221;][vc_empty_space][vc_column_text css=&#8221;.vc_custom_1519129453924{margin-bottom: 0px !important;}&#8221;] WAAR KOPEN? De producten van Tilman zijn uitsluitend te verkrijgen in de apotheek, waar gezondheidsspecialisten u raad geven en bijstaan in de keuzes van de producten. [\/vc_column_text][vc_empty_space height=&#8221;128px&#8221;][vc_column_text css=&#8221;.vc_custom_1517564174930{margin-bottom: 0px !important;}&#8221;] [\/vc_column_text][\/vc_column][\/vc_row][\/vc_section]<\/p>\n","protected":false},"author":1,"featured_media":0,"parent":0,"menu_order":0,"comment_status":"closed","ping_status":"closed","template":"","meta":{"footnotes":""},"class_list":["post-206","page","type-page","status-publish","hentry"],"aioseo_notices":[],"_links":{"self":[{"href":"https:\/\/flexicream.be\/nl\/wp-json\/wp\/v2\/pages\/206","targetHints":{"allow":["GET"]}}],"collection":[{"href":"https:\/\/flexicream.be\/nl\/wp-json\/wp\/v2\/pages"}],"about":[{"href":"https:\/\/flexicream.be\/nl\/wp-json\/wp\/v2\/types\/page"}],"author":[{"embeddable":true,"href":"https:\/\/flexicream.be\/nl\/wp-json\/wp\/v2\/users\/1"}],"replies":[{"embeddable":true,"href":"https:\/\/flexicream.be\/nl\/wp-json\/wp\/v2\/comments?post=206"}],"version-history":[{"count":4,"href":"https:\/\/flexicream.be\/nl\/wp-json\/wp\/v2\/pages\/206\/revisions"}],"predecessor-version":[{"id":533,"href":"https:\/\/flexicream.be\/nl\/wp-json\/wp\/v2\/pages\/206\/revisions\/533"}],"wp:attachment":[{"href":"https:\/\/flexicream.be\/nl\/wp-json\/wp\/v2\/media?parent=206"}],"curies":[{"name":"wp","href":"https:\/\/api.w.org\/{rel}","templated":true}]}}